{"id":951,"date":"2023-01-12T09:32:15","date_gmt":"2023-01-12T02:32:15","guid":{"rendered":"https:\/\/ceco.jaysoft.dev\/?page_id=951"},"modified":"2023-04-13T16:17:06","modified_gmt":"2023-04-13T09:17:06","slug":"quan-ly-du-an-tu-van-giam-sat","status":"publish","type":"page","link":"https:\/\/ceco.com.vn\/en\/dich-vu\/quan-ly-du-an-tu-van-giam-sat\/","title":{"rendered":"Project management consultancy (PMC) Contruction supervision consultancy (CM)"},"content":{"rendered":"<div data-elementor-type=\"wp-page\" data-elementor-id=\"951\" class=\"elementor elementor-951\">\n\t\t\t\t\t\t\t<div data-dce-background-image-url=\"https:\/\/ceco.com.vn\/wp-content\/uploads\/2023\/01\/bg-ab.jpg\" class=\"elementor-element elementor-element-64d8f74 e-con-boxed e-con\" data-id=\"64d8f74\" data-element_type=\"container\" data-settings=\"{&quot;background_background&quot;:&quot;classic&quot;,&quot;content_width&quot;:&quot;boxed&quot;}\">\n\t\t\t\t\t<div class=\"e-con-inner\">\n\t\t\t\t<div class=\"elementor-element elementor-element-bdd907a elementor-widget elementor-widget-heading\" data-id=\"bdd907a\" data-element_type=\"widget\" data-settings=\"{&quot;ekit_we_effect_on&quot;:&quot;none&quot;}\" data-widget_type=\"heading.default\">\n\t\t\t\t<div class=\"elementor-widget-container\">\n\t\t\t<style>\/*! elementor - v3.9.2 - 21-12-2022 *\/\n.elementor-heading-title{padding:0;margin:0;line-height:1}.elementor-widget-heading .elementor-heading-title[class*=elementor-size-]>a{color:inherit;font-size:inherit;line-height:inherit}.elementor-widget-heading .elementor-heading-title.elementor-size-small{font-size:15px}.elementor-widget-heading .elementor-heading-title.elementor-size-medium{font-size:19px}.elementor-widget-heading .elementor-heading-title.elementor-size-large{font-size:29px}.elementor-widget-heading .elementor-heading-title.elementor-size-xl{font-size:39px}.elementor-widget-heading .elementor-heading-title.elementor-size-xxl{font-size:59px}<\/style><h2 class=\"elementor-heading-title elementor-size-default\">Project management consultancy (PMC) Contruction supervision consultancy (CM)<\/h2>\t\t<\/div>\n\t\t\t\t<\/div>\n\t\t\t\t\t<\/div>\n\t\t\t\t<\/div>\n\t\t<div class=\"elementor-element elementor-element-1315610f e-con-boxed elementor-invisible e-con\" data-id=\"1315610f\" data-element_type=\"container\" data-settings=\"{&quot;animation&quot;:&quot;fadeInUp&quot;,&quot;content_width&quot;:&quot;boxed&quot;}\">\n\t\t\t\t\t<div class=\"e-con-inner\">\n\t\t\t\t<div class=\"elementor-element elementor-element-12073f73 elementor-widget__width-inherit elementor-widget elementor-widget-heading\" data-id=\"12073f73\" data-element_type=\"widget\" data-settings=\"{&quot;ekit_we_effect_on&quot;:&quot;none&quot;}\" data-widget_type=\"heading.default\">\n\t\t\t\t<div class=\"elementor-widget-container\">\n\t\t\t<h2 class=\"elementor-heading-title elementor-size-default\">PROJECT MANAGEMENT CONSULTANCY<\/h2>\t\t<\/div>\n\t\t\t\t<\/div>\n\t\t\t\t<div class=\"elementor-element elementor-element-2d764d7a elementor-widget__width-inherit elementor-widget elementor-widget-text-editor\" data-id=\"2d764d7a\" data-element_type=\"widget\" data-settings=\"{&quot;ekit_we_effect_on&quot;:&quot;none&quot;}\" data-widget_type=\"text-editor.default\">\n\t\t\t\t<div class=\"elementor-widget-container\">\n\t\t\t<style>\/*! elementor - v3.9.2 - 21-12-2022 *\/\n.elementor-widget-text-editor.elementor-drop-cap-view-stacked .elementor-drop-cap{background-color:#818a91;color:#fff}.elementor-widget-text-editor.elementor-drop-cap-view-framed .elementor-drop-cap{color:#818a91;border:3px solid;background-color:transparent}.elementor-widget-text-editor:not(.elementor-drop-cap-view-default) .elementor-drop-cap{margin-top:8px}.elementor-widget-text-editor:not(.elementor-drop-cap-view-default) .elementor-drop-cap-letter{width:1em;height:1em}.elementor-widget-text-editor .elementor-drop-cap{float:left;text-align:center;line-height:1;font-size:50px}.elementor-widget-text-editor .elementor-drop-cap-letter{display:inline-block}<\/style>\t\t\t\t<p style=\"text-align: left;\">CECO provides Project Management Consultant (PMC) service to support the Project Owner to manage contractors and\/or EPC in term of schedule, cost, quality and safety.  \nProper project management leads to successful project completion. \n\nIn addition, EPCm (Engineering and Procurement, Construction management) service is also one of the approach can be considered by the Project Owner for the benefit of the project. EPCm can simply understand is Engineering plus PMC. EPCm is a way of working on an engineering project which lets the project owner stay in complete control of their project while engineering consultants manage the process from engineering to complete of construction.<\/p><p style=\"text-align: left;\">\u00a0<\/p><p style=\"text-align: left;\">Compare with EPC, EPCm mechanism allows for greater flexibility for the client, which can ultimately lead to a better overall outcome for the project. EPCM reserves the project owner\u2019s right to alter the scope as the project is underway if necessary, and ultimately gives the project owner\u2019s complete financial control over project cost decisions within the process. This can often mean a cost-saving overall.<\/p><p style=\"text-align: left;\">\u00a0<\/p><p style=\"text-align: left;\">Part of PMC service is CM (Construction Management). CM is a professional service that provides a project owner with effective management of the project construction's schedule, cost, quality, safety, scope, and function.\nFlexible to meet the Client\u2019s needs, CECO with extensive experience and techniques can offer different service mechanisms including CM, PMC or EPCm.<\/p>\t\t\t\t\t\t<\/div>\n\t\t\t\t<\/div>\n\t\t\t\t\t<\/div>\n\t\t\t\t<\/div>\n\t\t<div class=\"elementor-element elementor-element-a21507b e-con-boxed e-con\" data-id=\"a21507b\" data-element_type=\"container\" data-settings=\"{&quot;animation&quot;:&quot;none&quot;,&quot;content_width&quot;:&quot;boxed&quot;}\">\n\t\t\t\t\t<div class=\"e-con-inner\">\n\t\t\t\t<div class=\"elementor-element elementor-element-33899db elementor-widget__width-inherit elementor-widget elementor-widget-heading\" data-id=\"33899db\" data-element_type=\"widget\" data-settings=\"{&quot;ekit_we_effect_on&quot;:&quot;none&quot;}\" data-widget_type=\"heading.default\">\n\t\t\t\t<div class=\"elementor-widget-container\">\n\t\t\t<h2 class=\"elementor-heading-title elementor-size-default\">SERVICES<\/h2>\t\t<\/div>\n\t\t\t\t<\/div>\n\t\t<div data-dce-background-image-url=\"https:\/\/ceco.com.vn\/wp-content\/uploads\/2023\/01\/Component-2.png\" class=\"elementor-element elementor-element-f57726c e-con-full e-con\" data-id=\"f57726c\" data-element_type=\"container\" data-settings=\"{&quot;content_width&quot;:&quot;full&quot;,&quot;background_background&quot;:&quot;classic&quot;}\">\n\t\t\t\t<div class=\"elementor-element elementor-element-89e1069 elementor-widget elementor-widget-heading\" data-id=\"89e1069\" data-element_type=\"widget\" data-settings=\"{&quot;ekit_we_effect_on&quot;:&quot;none&quot;}\" data-widget_type=\"heading.default\">\n\t\t\t\t<div class=\"elementor-widget-container\">\n\t\t\t<h2 class=\"elementor-heading-title elementor-size-default\">Investment Consultancy<\/h2>\t\t<\/div>\n\t\t\t\t<\/div>\n\t\t\t\t<div class=\"elementor-element elementor-element-89c21be elementor-widget elementor-widget-heading\" data-id=\"89c21be\" data-element_type=\"widget\" data-settings=\"{&quot;ekit_we_effect_on&quot;:&quot;none&quot;}\" data-widget_type=\"heading.default\">\n\t\t\t\t<div class=\"elementor-widget-container\">\n\t\t\t<h3 class=\"elementor-heading-title elementor-size-default\"><a href=\"https:\/\/ceco.com.vn\/en\/dich-vu\/tu-van-dau-tu\/\">This is an important initial stage in project development to optimize investment costs and business strategies.<\/a><\/h3>\t\t<\/div>\n\t\t\t\t<\/div>\n\t\t\t\t<\/div>\n\t\t<div data-dce-background-image-url=\"https:\/\/ceco.com.vn\/wp-content\/uploads\/2023\/01\/Component-2.png\" class=\"elementor-element elementor-element-4aa3149 e-con-full e-con\" data-id=\"4aa3149\" data-element_type=\"container\" data-settings=\"{&quot;content_width&quot;:&quot;full&quot;,&quot;background_background&quot;:&quot;classic&quot;}\">\n\t\t\t\t<div class=\"elementor-element elementor-element-5133b72 elementor-widget elementor-widget-heading\" data-id=\"5133b72\" data-element_type=\"widget\" data-settings=\"{&quot;ekit_we_effect_on&quot;:&quot;none&quot;}\" data-widget_type=\"heading.default\">\n\t\t\t\t<div class=\"elementor-widget-container\">\n\t\t\t<h2 class=\"elementor-heading-title elementor-size-default\">Environmental Impact<br>\nAssessment (EIA)<\/h2>\t\t<\/div>\n\t\t\t\t<\/div>\n\t\t\t\t<div class=\"elementor-element elementor-element-fd7753c elementor-widget elementor-widget-heading\" data-id=\"fd7753c\" data-element_type=\"widget\" data-settings=\"{&quot;ekit_we_effect_on&quot;:&quot;none&quot;}\" data-widget_type=\"heading.default\">\n\t\t\t\t<div class=\"elementor-widget-container\">\n\t\t\t<h3 class=\"elementor-heading-title elementor-size-default\"><a href=\"https:\/\/ceco.com.vn\/en\/dich-vu\/cac-dich-vu-moi-truong\/\">CECO is a member of the \"Voluntary Social Responsibility Council of Chemical Enterprises - VRRC\" with the message \"Commitment to Sustainable Development.\"<\/a><\/h3>\t\t<\/div>\n\t\t\t\t<\/div>\n\t\t\t\t<\/div>\n\t\t<div data-dce-background-image-url=\"https:\/\/ceco.com.vn\/wp-content\/uploads\/2023\/01\/Component-2.png\" class=\"elementor-element elementor-element-4bc201c e-con-full e-con\" data-id=\"4bc201c\" data-element_type=\"container\" data-settings=\"{&quot;content_width&quot;:&quot;full&quot;,&quot;background_background&quot;:&quot;classic&quot;}\">\n\t\t\t\t<div class=\"elementor-element elementor-element-1440954 elementor-widget elementor-widget-heading\" data-id=\"1440954\" data-element_type=\"widget\" data-settings=\"{&quot;ekit_we_effect_on&quot;:&quot;none&quot;}\" data-widget_type=\"heading.default\">\n\t\t\t\t<div class=\"elementor-widget-container\">\n\t\t\t<h2 class=\"elementor-heading-title elementor-size-default\">Engineering Design\/ FEED<\/h2>\t\t<\/div>\n\t\t\t\t<\/div>\n\t\t\t\t<div class=\"elementor-element elementor-element-e3ed557 elementor-widget elementor-widget-heading\" data-id=\"e3ed557\" data-element_type=\"widget\" data-settings=\"{&quot;ekit_we_effect_on&quot;:&quot;none&quot;}\" data-widget_type=\"heading.default\">\n\t\t\t\t<div class=\"elementor-widget-container\">\n\t\t\t<h3 class=\"elementor-heading-title elementor-size-default\"><a href=\"https:\/\/ceco.com.vn\/en\/dich-vu\/tu-van-thiet-ke\/\">The quality and effectiveness of an industrial project depend heavily on the design phase.<\/a><\/h3>\t\t<\/div>\n\t\t\t\t<\/div>\n\t\t\t\t<\/div>\n\t\t<div data-dce-background-image-url=\"https:\/\/ceco.com.vn\/wp-content\/uploads\/2023\/01\/Component-2.png\" class=\"elementor-element elementor-element-3776978 e-con-full e-con\" data-id=\"3776978\" data-element_type=\"container\" data-settings=\"{&quot;content_width&quot;:&quot;full&quot;,&quot;background_background&quot;:&quot;classic&quot;}\">\n\t\t\t\t<div class=\"elementor-element elementor-element-ee57567 elementor-widget elementor-widget-heading\" data-id=\"ee57567\" data-element_type=\"widget\" data-settings=\"{&quot;ekit_we_effect_on&quot;:&quot;none&quot;}\" data-widget_type=\"heading.default\">\n\t\t\t\t<div class=\"elementor-widget-container\">\n\t\t\t<h2 class=\"elementor-heading-title elementor-size-default\">Project management consultancy (PMC)<\/br>\nContruction supervision consultancy (CM)<\/h2>\t\t<\/div>\n\t\t\t\t<\/div>\n\t\t\t\t<div class=\"elementor-element elementor-element-b37b42d elementor-widget elementor-widget-heading\" data-id=\"b37b42d\" data-element_type=\"widget\" data-settings=\"{&quot;ekit_we_effect_on&quot;:&quot;none&quot;}\" data-widget_type=\"heading.default\">\n\t\t\t\t<div class=\"elementor-widget-container\">\n\t\t\t<h3 class=\"elementor-heading-title elementor-size-default\"><a href=\"\/en\/dich-vu\/tu-van-giam-sat\/\">Project Management Consultant (PMC) plays an important role in all enterprise projects and greatly affects the success of a project.<\/a><\/h3>\t\t<\/div>\n\t\t\t\t<\/div>\n\t\t\t\t<\/div>\n\t\t<div data-dce-background-image-url=\"https:\/\/ceco.com.vn\/wp-content\/uploads\/2023\/01\/Component-2.png\" class=\"elementor-element elementor-element-a3ff05f e-con-full e-con\" data-id=\"a3ff05f\" data-element_type=\"container\" data-settings=\"{&quot;content_width&quot;:&quot;full&quot;,&quot;background_background&quot;:&quot;classic&quot;}\">\n\t\t\t\t<div class=\"elementor-element elementor-element-a10baf6 elementor-widget elementor-widget-heading\" data-id=\"a10baf6\" data-element_type=\"widget\" data-settings=\"{&quot;ekit_we_effect_on&quot;:&quot;none&quot;}\" data-widget_type=\"heading.default\">\n\t\t\t\t<div class=\"elementor-widget-container\">\n\t\t\t<h2 class=\"elementor-heading-title elementor-size-default\">EPC\/<\/br>\nTurnkey,<br>\nother services<\/h2>\t\t<\/div>\n\t\t\t\t<\/div>\n\t\t\t\t<div class=\"elementor-element elementor-element-640ab2c elementor-widget elementor-widget-heading\" data-id=\"640ab2c\" data-element_type=\"widget\" data-settings=\"{&quot;ekit_we_effect_on&quot;:&quot;none&quot;}\" data-widget_type=\"heading.default\">\n\t\t\t\t<div class=\"elementor-widget-container\">\n\t\t\t<h3 class=\"elementor-heading-title elementor-size-default\"><a href=\"https:\/\/ceco.com.vn\/en\/dich-vu\/epc\/\">To execute EPC contracts, CECO has built a system of machinery and processes that are appropriate for domestic and international regulations.<\/a><\/h3>\t\t<\/div>\n\t\t\t\t<\/div>\n\t\t\t\t<\/div>\n\t\t<div data-dce-background-image-url=\"https:\/\/ceco.com.vn\/wp-content\/uploads\/2023\/01\/Component-2.png\" class=\"elementor-element elementor-element-096a1d9 e-con-full e-con\" data-id=\"096a1d9\" data-element_type=\"container\" data-settings=\"{&quot;content_width&quot;:&quot;full&quot;,&quot;background_background&quot;:&quot;classic&quot;}\">\n\t\t\t\t<div class=\"elementor-element elementor-element-778e983 elementor-widget elementor-widget-heading\" data-id=\"778e983\" data-element_type=\"widget\" data-settings=\"{&quot;ekit_we_effect_on&quot;:&quot;none&quot;}\" data-widget_type=\"heading.default\">\n\t\t\t\t<div class=\"elementor-widget-container\">\n\t\t\t<h2 class=\"elementor-heading-title elementor-size-default\">Real Estate<\/h2>\t\t<\/div>\n\t\t\t\t<\/div>\n\t\t\t\t<div class=\"elementor-element elementor-element-74d73a1 elementor-widget elementor-widget-heading\" data-id=\"74d73a1\" data-element_type=\"widget\" data-settings=\"{&quot;ekit_we_effect_on&quot;:&quot;none&quot;}\" data-widget_type=\"heading.default\">\n\t\t\t\t<div class=\"elementor-widget-container\">\n\t\t\t<h3 class=\"elementor-heading-title elementor-size-default\"><a href=\"https:\/\/ceco.com.vn\/en\/dich-vu\/bat-dong-san\/\">For rent: land, warehouses, factories. For rent: office space, residential houses. For rent: shops, commercial stalls<\/a><\/h3>\t\t<\/div>\n\t\t\t\t<\/div>\n\t\t\t\t<\/div>\n\t\t\t\t\t<\/div>\n\t\t\t\t<\/div>\n\t\t<div class=\"elementor-element elementor-element-f859788 e-con-boxed elementor-invisible e-con\" data-id=\"f859788\" data-element_type=\"container\" data-settings=\"{&quot;animation&quot;:&quot;fadeInUp&quot;,&quot;content_width&quot;:&quot;boxed&quot;}\">\n\t\t\t\t\t<div class=\"e-con-inner\">\n\t\t\t\t<div class=\"elementor-element elementor-element-07d4647 elementor-widget__width-inherit elementor-widget elementor-widget-heading\" data-id=\"07d4647\" data-element_type=\"widget\" data-settings=\"{&quot;ekit_we_effect_on&quot;:&quot;none&quot;}\" data-widget_type=\"heading.default\">\n\t\t\t\t<div class=\"elementor-widget-container\">\n\t\t\t<h2 class=\"elementor-heading-title elementor-size-default\">PROJECTS<\/h2>\t\t<\/div>\n\t\t\t\t<\/div>\n\t\t\t\t\t<\/div>\n\t\t\t\t<\/div>\n\t\t<div class=\"elementor-element elementor-element-3a54205 e-con-boxed elementor-invisible e-con\" data-id=\"3a54205\" data-element_type=\"container\" data-settings=\"{&quot;animation&quot;:&quot;zoomInUp&quot;,&quot;content_width&quot;:&quot;boxed&quot;}\">\n\t\t\t\t\t<div class=\"e-con-inner\">\n\t\t\t\t<div class=\"elementor-element elementor-element-8a5fef4 elementor-posts--thumbnail-top elementor-grid-3 elementor-grid-tablet-2 elementor-grid-mobile-1 elementor-widget elementor-widget-posts\" data-id=\"8a5fef4\" data-element_type=\"widget\" data-settings=\"{&quot;custom_columns&quot;:&quot;3&quot;,&quot;custom_columns_tablet&quot;:&quot;2&quot;,&quot;custom_columns_mobile&quot;:&quot;1&quot;,&quot;custom_row_gap&quot;:{&quot;unit&quot;:&quot;px&quot;,&quot;size&quot;:35,&quot;sizes&quot;:[]},&quot;custom_row_gap_tablet&quot;:{&quot;unit&quot;:&quot;px&quot;,&quot;size&quot;:&quot;&quot;,&quot;sizes&quot;:[]},&quot;custom_row_gap_mobile&quot;:{&quot;unit&quot;:&quot;px&quot;,&quot;size&quot;:&quot;&quot;,&quot;sizes&quot;:[]},&quot;ekit_we_effect_on&quot;:&quot;none&quot;}\" data-widget_type=\"posts.custom\">\n\t\t\t\t<div class=\"elementor-widget-container\">\n\t\t\t<link rel=\"stylesheet\" href=\"https:\/\/ceco.com.vn\/wp-content\/plugins\/elementor-pro\/assets\/css\/widget-posts.min.css\">      <div class=\"ecs-posts elementor-posts-container elementor-posts   elementor-grid elementor-posts--skin-custom\" data-settings=\"{&quot;current_page&quot;:1,&quot;max_num_pages&quot;:1,&quot;load_method&quot;:&quot;&quot;,&quot;widget_id&quot;:&quot;8a5fef4&quot;,&quot;post_id&quot;:951,&quot;theme_id&quot;:951,&quot;change_url&quot;:false,&quot;reinit_js&quot;:false}\">\n      \t\t<article id=\"post-2471\" class=\"elementor-post elementor-grid-item ecs-post-loop post-2471 du_an type-du_an status-publish has-post-thumbnail hentry category-hoa-chat-va-khi-cong-nghiep category-quan-ly-du-an-tu-van-giam-sat\">\n\t\t\t\t<div data-elementor-type=\"loop\" data-elementor-id=\"967\" class=\"elementor elementor-967 post-2471 du_an type-du_an status-publish has-post-thumbnail hentry category-hoa-chat-va-khi-cong-nghiep category-quan-ly-du-an-tu-van-giam-sat\">\n\t\t\t\t\t\t<div class=\"elementor-element elementor-element-4469157 e-con-boxed e-con\" data-id=\"4469157\" data-element_type=\"container\" data-settings=\"{&quot;content_width&quot;:&quot;boxed&quot;}\">\n\t\t\t\t\t<div class=\"e-con-inner\">\n\t\t\t\t<div class=\"elementor-element elementor-element-9674ee9 dce_masking-none elementor-widget elementor-widget-image\" data-id=\"9674ee9\" data-element_type=\"widget\" data-settings=\"{&quot;ekit_we_effect_on&quot;:&quot;none&quot;}\" data-widget_type=\"image.default\">\n\t\t\t\t<div class=\"elementor-widget-container\">\n\t\t\t<style>\/*! elementor - v3.9.2 - 21-12-2022 *\/\n.elementor-widget-image{text-align:center}.elementor-widget-image a{display:inline-block}.elementor-widget-image a img[src$=\".svg\"]{width:48px}.elementor-widget-image img{vertical-align:middle;display:inline-block}<\/style>\t\t\t\t\t\t\t\t\t\t\t\t\t<a href=\"https:\/\/ceco.com.vn\/en\/du-an\/nha-may-tach-khi-cong-nghiep-cong-suat-15-000nm3-h-tai-kinh-mon-hai-duong\/\">\n\t\t\t\t\t\t\t<img loading=\"lazy\" decoding=\"async\" width=\"1365\" height=\"1024\" src=\"https:\/\/ceco.com.vn\/wp-content\/uploads\/2023\/02\/Messer-Hai-Duong.jpg\" class=\"attachment-full size-full wp-image-3139\" alt=\"\" srcset=\"https:\/\/ceco.com.vn\/wp-content\/uploads\/2023\/02\/Messer-Hai-Duong.jpg 1365w, https:\/\/ceco.com.vn\/wp-content\/uploads\/2023\/02\/Messer-Hai-Duong-300x225.jpg 300w, https:\/\/ceco.com.vn\/wp-content\/uploads\/2023\/02\/Messer-Hai-Duong-768x576.jpg 768w, https:\/\/ceco.com.vn\/wp-content\/uploads\/2023\/02\/Messer-Hai-Duong-16x12.jpg 16w\" sizes=\"auto, (max-width: 1365px) 100vw, 1365px\" \/>\t\t\t\t\t\t\t\t<\/a>\n\t\t\t\t\t\t\t\t\t\t\t\t\t\t\t<\/div>\n\t\t\t\t<\/div>\n\t\t\t\t<div class=\"elementor-element elementor-element-109ba3a elementor-widget elementor-widget-heading\" data-id=\"109ba3a\" data-element_type=\"widget\" data-settings=\"{&quot;ekit_we_effect_on&quot;:&quot;none&quot;}\" data-widget_type=\"heading.default\">\n\t\t\t\t<div class=\"elementor-widget-container\">\n\t\t\t<h2 class=\"elementor-heading-title elementor-size-default\"><a href=\"https:\/\/ceco.com.vn\/en\/du-an\/nha-may-tach-khi-cong-nghiep-cong-suat-15-000nm3-h-tai-kinh-mon-hai-duong\/\">Industrial air separation plant with a capacity of 15,000Nm3\/h in Kinh Mon, Hai Duong<\/a><\/h2>\t\t<\/div>\n\t\t\t\t<\/div>\n\t\t\t\t\t<\/div>\n\t\t\t\t<\/div>\n\t\t\t\t\t\t<\/div>\n\t\t\t\t<\/article>\n\t\t\t\t<article id=\"post-2454\" class=\"elementor-post elementor-grid-item ecs-post-loop post-2454 du_an type-du_an status-publish has-post-thumbnail hentry category-cao-su-va-cac-san-pham-khac category-quan-ly-du-an-tu-van-giam-sat\">\n\t\t\t\t<div data-elementor-type=\"loop\" data-elementor-id=\"967\" class=\"elementor elementor-967 post-2454 du_an type-du_an status-publish has-post-thumbnail hentry category-cao-su-va-cac-san-pham-khac category-quan-ly-du-an-tu-van-giam-sat\">\n\t\t\t\t\t\t<div class=\"elementor-element elementor-element-4469157 e-con-boxed e-con\" data-id=\"4469157\" data-element_type=\"container\" data-settings=\"{&quot;content_width&quot;:&quot;boxed&quot;}\">\n\t\t\t\t\t<div class=\"e-con-inner\">\n\t\t\t\t<div class=\"elementor-element elementor-element-9674ee9 dce_masking-none elementor-widget elementor-widget-image\" data-id=\"9674ee9\" data-element_type=\"widget\" data-settings=\"{&quot;ekit_we_effect_on&quot;:&quot;none&quot;}\" data-widget_type=\"image.default\">\n\t\t\t\t<div class=\"elementor-widget-container\">\n\t\t\t\t\t\t\t\t\t\t\t\t\t\t\t\t<a href=\"https:\/\/ceco.com.vn\/en\/du-an\/du-an-nha-may-san-xuat-lop-xe-tai-radial-cong-suat-600-000-lop-nam-giai-doan-2-goi-thau-giam-sat-chat-luong-thi-cong-xay-dung-cong-trinh\/\">\n\t\t\t\t\t\t\t<img loading=\"lazy\" decoding=\"async\" width=\"1365\" height=\"1024\" src=\"https:\/\/ceco.com.vn\/wp-content\/uploads\/2023\/02\/Cao-su-Da-Nang-01.jpg\" class=\"attachment-full size-full wp-image-3214\" alt=\"\" srcset=\"https:\/\/ceco.com.vn\/wp-content\/uploads\/2023\/02\/Cao-su-Da-Nang-01.jpg 1365w, https:\/\/ceco.com.vn\/wp-content\/uploads\/2023\/02\/Cao-su-Da-Nang-01-300x225.jpg 300w, https:\/\/ceco.com.vn\/wp-content\/uploads\/2023\/02\/Cao-su-Da-Nang-01-768x576.jpg 768w, https:\/\/ceco.com.vn\/wp-content\/uploads\/2023\/02\/Cao-su-Da-Nang-01-16x12.jpg 16w\" sizes=\"auto, (max-width: 1365px) 100vw, 1365px\" \/>\t\t\t\t\t\t\t\t<\/a>\n\t\t\t\t\t\t\t\t\t\t\t\t\t\t\t<\/div>\n\t\t\t\t<\/div>\n\t\t\t\t<div class=\"elementor-element elementor-element-109ba3a elementor-widget elementor-widget-heading\" data-id=\"109ba3a\" data-element_type=\"widget\" data-settings=\"{&quot;ekit_we_effect_on&quot;:&quot;none&quot;}\" data-widget_type=\"heading.default\">\n\t\t\t\t<div class=\"elementor-widget-container\">\n\t\t\t<h2 class=\"elementor-heading-title elementor-size-default\"><a href=\"https:\/\/ceco.com.vn\/en\/du-an\/du-an-nha-may-san-xuat-lop-xe-tai-radial-cong-suat-600-000-lop-nam-giai-doan-2-goi-thau-giam-sat-chat-luong-thi-cong-xay-dung-cong-trinh\/\">Radial truck tire factory project with capacity of 600,000 tires\/year \u2013 Phase 2. Bidding package: Supervision of construction quality<\/a><\/h2>\t\t<\/div>\n\t\t\t\t<\/div>\n\t\t\t\t\t<\/div>\n\t\t\t\t<\/div>\n\t\t\t\t\t\t<\/div>\n\t\t\t\t<\/article>\n\t\t\t\t<\/div>\n\t\t\t\t<\/div>\n\t\t\t\t<\/div>\n\t\t\t\t\t<\/div>\n\t\t\t\t<\/div>\n\t\t\t\t\t\t\t<\/div>","protected":false},"excerpt":{"rendered":"<p>T\u01af V\u1ea4N QU\u1ea2N L\u00dd D\u1ef0 \u00c1N T\u01b0 v\u1ea5n qu\u1ea3n l\u00fd d\u1ef1 \u00e1n &#8211; PMC\u00a0(Project Management Consultant) &#8211; gi\u1eef\u00a0vai tr\u00f2 quan tr\u1ecdng\u00a0trong t\u1ea5t c\u1ea3 nh\u1eefng\u00a0d\u1ef1 \u00e1n\u00a0c\u1ee7a\u00a0doanh nghi\u1ec7p,\u00a0\u1ea3nh h\u01b0\u1edfng r\u1ea5t l\u1edbn\u00a0\u0111\u1ebfn\u00a0s\u1ef1 th\u00e0nh c\u00f4ng\u00a0c\u1ee7a m\u1ed9t\u00a0d\u1ef1 \u00e1n. \u00a0\u0110\u1ed1i v\u1edbi nh\u1eefng d\u1ef1 \u00e1n c\u00f3 quy m\u00f4 l\u1edbn, c\u00f3 c\u00f4ng ngh\u1ec7 b\u1ea3n quy\u1ec1n\u2026 Ch\u1ee7 \u0111\u1ea7u t\u01b0 th\u01b0\u1eddng kh\u00f4ng th\u00e0nh l\u1eadp ban [&hellip;]<\/p>","protected":false},"author":1,"featured_media":3021,"parent":34,"menu_order":0,"comment_status":"closed","ping_status":"closed","template":"","meta":{"footnotes":""},"class_list":["post-951","page","type-page","status-publish","has-post-thumbnail","hentry"],"acf":[],"_links":{"self":[{"href":"https:\/\/ceco.com.vn\/en\/wp-json\/wp\/v2\/pages\/951","targetHints":{"allow":["GET"]}}],"collection":[{"href":"https:\/\/ceco.com.vn\/en\/wp-json\/wp\/v2\/pages"}],"about":[{"href":"https:\/\/ceco.com.vn\/en\/wp-json\/wp\/v2\/types\/page"}],"author":[{"embeddable":true,"href":"https:\/\/ceco.com.vn\/en\/wp-json\/wp\/v2\/users\/1"}],"replies":[{"embeddable":true,"href":"https:\/\/ceco.com.vn\/en\/wp-json\/wp\/v2\/comments?post=951"}],"version-history":[{"count":29,"href":"https:\/\/ceco.com.vn\/en\/wp-json\/wp\/v2\/pages\/951\/revisions"}],"predecessor-version":[{"id":7746,"href":"https:\/\/ceco.com.vn\/en\/wp-json\/wp\/v2\/pages\/951\/revisions\/7746"}],"up":[{"embeddable":true,"href":"https:\/\/ceco.com.vn\/en\/wp-json\/wp\/v2\/pages\/34"}],"wp:featuredmedia":[{"embeddable":true,"href":"https:\/\/ceco.com.vn\/en\/wp-json\/wp\/v2\/media\/3021"}],"wp:attachment":[{"href":"https:\/\/ceco.com.vn\/en\/wp-json\/wp\/v2\/media?parent=951"}],"curies":[{"name":"wp","href":"https:\/\/api.w.org\/{rel}","templated":true}]}}