{"id":947,"date":"2023-01-12T09:31:41","date_gmt":"2023-01-12T02:31:41","guid":{"rendered":"https:\/\/ceco.jaysoft.dev\/?page_id=947"},"modified":"2023-04-13T15:06:28","modified_gmt":"2023-04-13T08:06:28","slug":"cac-dich-vu-moi-truong","status":"publish","type":"page","link":"https:\/\/ceco.com.vn\/en\/dich-vu\/cac-dich-vu-moi-truong\/","title":{"rendered":"Environmental Impact Assessment (EIA)"},"content":{"rendered":"<div data-elementor-type=\"wp-page\" data-elementor-id=\"947\" class=\"elementor elementor-947\">\n\t\t\t\t\t\t\t<div data-dce-background-image-url=\"https:\/\/ceco.com.vn\/wp-content\/uploads\/2023\/01\/bg-ab.jpg\" class=\"elementor-element elementor-element-35ed1b4 e-con-boxed e-con\" data-id=\"35ed1b4\" data-element_type=\"container\" data-settings=\"{&quot;background_background&quot;:&quot;classic&quot;,&quot;content_width&quot;:&quot;boxed&quot;}\">\n\t\t\t\t\t<div class=\"e-con-inner\">\n\t\t\t\t<div class=\"elementor-element elementor-element-ebb8e5a elementor-absolute elementor-widget elementor-widget-heading\" data-id=\"ebb8e5a\" data-element_type=\"widget\" data-settings=\"{&quot;_position&quot;:&quot;absolute&quot;,&quot;ekit_we_effect_on&quot;:&quot;none&quot;}\" data-widget_type=\"heading.default\">\n\t\t\t\t<div class=\"elementor-widget-container\">\n\t\t\t<style>\/*! elementor - v3.9.2 - 21-12-2022 *\/\n.elementor-heading-title{padding:0;margin:0;line-height:1}.elementor-widget-heading .elementor-heading-title[class*=elementor-size-]>a{color:inherit;font-size:inherit;line-height:inherit}.elementor-widget-heading .elementor-heading-title.elementor-size-small{font-size:15px}.elementor-widget-heading .elementor-heading-title.elementor-size-medium{font-size:19px}.elementor-widget-heading .elementor-heading-title.elementor-size-large{font-size:29px}.elementor-widget-heading .elementor-heading-title.elementor-size-xl{font-size:39px}.elementor-widget-heading .elementor-heading-title.elementor-size-xxl{font-size:59px}<\/style><h2 class=\"elementor-heading-title elementor-size-default\">Environmental Impact Assessment (EIA)<\/h2>\t\t<\/div>\n\t\t\t\t<\/div>\n\t\t\t\t\t<\/div>\n\t\t\t\t<\/div>\n\t\t<div class=\"elementor-element elementor-element-2df898f7 e-con-boxed elementor-invisible e-con\" data-id=\"2df898f7\" data-element_type=\"container\" data-settings=\"{&quot;animation&quot;:&quot;fadeInUp&quot;,&quot;content_width&quot;:&quot;boxed&quot;}\">\n\t\t\t\t\t<div class=\"e-con-inner\">\n\t\t\t\t<div class=\"elementor-element elementor-element-6898513d elementor-widget__width-inherit elementor-widget elementor-widget-heading\" data-id=\"6898513d\" data-element_type=\"widget\" data-settings=\"{&quot;ekit_we_effect_on&quot;:&quot;none&quot;}\" data-widget_type=\"heading.default\">\n\t\t\t\t<div class=\"elementor-widget-container\">\n\t\t\t<h2 class=\"elementor-heading-title elementor-size-default\">ENVIRONMENTAL SERVICES<\/h2>\t\t<\/div>\n\t\t\t\t<\/div>\n\t\t\t\t<div class=\"elementor-element elementor-element-5034893c elementor-widget__width-inherit elementor-widget elementor-widget-text-editor\" data-id=\"5034893c\" data-element_type=\"widget\" data-settings=\"{&quot;ekit_we_effect_on&quot;:&quot;none&quot;}\" data-widget_type=\"text-editor.default\">\n\t\t\t\t<div class=\"elementor-widget-container\">\n\t\t\t<style>\/*! elementor - v3.9.2 - 21-12-2022 *\/\n.elementor-widget-text-editor.elementor-drop-cap-view-stacked .elementor-drop-cap{background-color:#818a91;color:#fff}.elementor-widget-text-editor.elementor-drop-cap-view-framed .elementor-drop-cap{color:#818a91;border:3px solid;background-color:transparent}.elementor-widget-text-editor:not(.elementor-drop-cap-view-default) .elementor-drop-cap{margin-top:8px}.elementor-widget-text-editor:not(.elementor-drop-cap-view-default) .elementor-drop-cap-letter{width:1em;height:1em}.elementor-widget-text-editor .elementor-drop-cap{float:left;text-align:center;line-height:1;font-size:50px}.elementor-widget-text-editor .elementor-drop-cap-letter{display:inline-block}<\/style>\t\t\t\t<p style=\"text-align: left;\">CECO has established the Environmental Center in its organizational with aims of providing all-in-one consulting services to investors. With its contributions, CECO is honoured to be a member of the \"Vietnam Responsible Care Council - VRRC\" with the message of commitment to sustainability.<\/p><p>\u00a0<\/p><p style=\"text-align: left;\">Responsible Care\u00ae is the global chemical industry\u2019s voluntary initiative (https:\/\/icca-chem.org\/focus\/responsible-care\/), which \u2013 beyond legislative and regulatory compliance \u2013 commits companies, national chemical industry associations and their partners to continuously improve the environmental, health, safety.<\/p><p>\u00a0<\/p><p style=\"text-align: left;\">The strategic goal of VRCC's activities must be to enhance the capacity of each enterprise in managing its own chemical risk as well as in the entire value chain of its chemical products by continuously improving the effectiveness of activities in the fields of EHS..\" <em>\"Commitment to Sustainable Development.\"<\/em><\/p><p>\u00a0<\/p><p style=\"text-align: left;\">The strategic goal of VRCC's activities must be to enhance the capacity of each enterprise in managing its own chemical risk as well as in the entire value chain of its chemical products by constantly improving the effectiveness of activities in the fields of \"\"SAFETY,\"\" \"\"HEALTH\"\" and \"\"ENVIRONMENT.\"\"<\/p><p>\u00a0<\/p><p style=\"text-align: left;\">Through consulting services based on its extensive experience, CECO provides environmental solutions including:<\/p><p style=\"text-align: left;\"><strong>\u00a0<\/strong><\/p><ul><li style=\"text-align: left;\"><strong>Environmental impact assessment report (EIA);<\/strong><\/li><li style=\"text-align: left;\"><strong>R&amp;D of new technologies in environmental remediation in industry;<\/strong><\/li><li style=\"text-align: left;\"><strong>Technical services and technology transfer in environmental protection;<\/strong><\/li><li style=\"text-align: left;\"><strong>Risk assessment reports, prevention measures, safety management programs and emergency response plans for chemical plants.<\/strong><\/li><\/ul><p style=\"text-align: left;\"><strong>\u00a0<\/strong><\/p><p style=\"text-align: left;\">In addition, to meet the needs of environmental monitoring and other related research services, CECO has invested a laboratory that meets the standards of Vietnam Laboratory Accreditation Scheme (VILAS) (Vilas) and Certificate of eligibility for environmental monitoring services (Vimcerts).\"<\/p>\t\t\t\t\t\t<\/div>\n\t\t\t\t<\/div>\n\t\t\t\t\t<\/div>\n\t\t\t\t<\/div>\n\t\t<div class=\"elementor-element elementor-element-ec75681 e-con-boxed e-con\" data-id=\"ec75681\" data-element_type=\"container\" data-settings=\"{&quot;animation&quot;:&quot;none&quot;,&quot;content_width&quot;:&quot;boxed&quot;}\">\n\t\t\t\t\t<div class=\"e-con-inner\">\n\t\t\t\t<div class=\"elementor-element elementor-element-33ae034 elementor-widget__width-inherit elementor-widget elementor-widget-heading\" data-id=\"33ae034\" data-element_type=\"widget\" data-settings=\"{&quot;ekit_we_effect_on&quot;:&quot;none&quot;}\" data-widget_type=\"heading.default\">\n\t\t\t\t<div class=\"elementor-widget-container\">\n\t\t\t<h2 class=\"elementor-heading-title elementor-size-default\">SERVICES<\/h2>\t\t<\/div>\n\t\t\t\t<\/div>\n\t\t<div data-dce-background-image-url=\"https:\/\/ceco.com.vn\/wp-content\/uploads\/2023\/01\/Component-2.png\" class=\"elementor-element elementor-element-be07d6c e-con-full e-con\" data-id=\"be07d6c\" data-element_type=\"container\" data-settings=\"{&quot;content_width&quot;:&quot;full&quot;,&quot;background_background&quot;:&quot;classic&quot;}\">\n\t\t\t\t<div class=\"elementor-element elementor-element-4c61118 elementor-widget elementor-widget-heading\" data-id=\"4c61118\" data-element_type=\"widget\" data-settings=\"{&quot;ekit_we_effect_on&quot;:&quot;none&quot;}\" data-widget_type=\"heading.default\">\n\t\t\t\t<div class=\"elementor-widget-container\">\n\t\t\t<h2 class=\"elementor-heading-title elementor-size-default\">Investment Consultancy<\/h2>\t\t<\/div>\n\t\t\t\t<\/div>\n\t\t\t\t<div class=\"elementor-element elementor-element-912054c elementor-widget elementor-widget-heading\" data-id=\"912054c\" data-element_type=\"widget\" data-settings=\"{&quot;ekit_we_effect_on&quot;:&quot;none&quot;}\" data-widget_type=\"heading.default\">\n\t\t\t\t<div class=\"elementor-widget-container\">\n\t\t\t<h3 class=\"elementor-heading-title elementor-size-default\"><a href=\"https:\/\/ceco.com.vn\/en\/dich-vu\/tu-van-dau-tu\/\">This is an important initial stage in project development to optimize investment costs and business strategies.<\/a><\/h3>\t\t<\/div>\n\t\t\t\t<\/div>\n\t\t\t\t<\/div>\n\t\t<div data-dce-background-image-url=\"https:\/\/ceco.com.vn\/wp-content\/uploads\/2023\/01\/Component-2.png\" class=\"elementor-element elementor-element-8915105 e-con-full e-con\" data-id=\"8915105\" data-element_type=\"container\" data-settings=\"{&quot;content_width&quot;:&quot;full&quot;,&quot;background_background&quot;:&quot;classic&quot;}\">\n\t\t\t\t<div class=\"elementor-element elementor-element-e0e597e elementor-widget elementor-widget-heading\" data-id=\"e0e597e\" data-element_type=\"widget\" data-settings=\"{&quot;ekit_we_effect_on&quot;:&quot;none&quot;}\" data-widget_type=\"heading.default\">\n\t\t\t\t<div class=\"elementor-widget-container\">\n\t\t\t<h2 class=\"elementor-heading-title elementor-size-default\">Environmental Impact<br>\nAssessment (EIA)<\/h2>\t\t<\/div>\n\t\t\t\t<\/div>\n\t\t\t\t<div class=\"elementor-element elementor-element-2614a09 elementor-widget elementor-widget-heading\" data-id=\"2614a09\" data-element_type=\"widget\" data-settings=\"{&quot;ekit_we_effect_on&quot;:&quot;none&quot;}\" data-widget_type=\"heading.default\">\n\t\t\t\t<div class=\"elementor-widget-container\">\n\t\t\t<h3 class=\"elementor-heading-title elementor-size-default\"><a href=\"https:\/\/ceco.com.vn\/en\/dich-vu\/cac-dich-vu-moi-truong\/\">CECO is a member of the \"Voluntary Social Responsibility Council of Chemical Enterprises - VRRC\" with the message \"Commitment to Sustainable Development.\"<\/a><\/h3>\t\t<\/div>\n\t\t\t\t<\/div>\n\t\t\t\t<\/div>\n\t\t<div data-dce-background-image-url=\"https:\/\/ceco.com.vn\/wp-content\/uploads\/2023\/01\/Component-2.png\" class=\"elementor-element elementor-element-89ae5c9 e-con-full e-con\" data-id=\"89ae5c9\" data-element_type=\"container\" data-settings=\"{&quot;content_width&quot;:&quot;full&quot;,&quot;background_background&quot;:&quot;classic&quot;}\">\n\t\t\t\t<div class=\"elementor-element elementor-element-eacd448 elementor-widget elementor-widget-heading\" data-id=\"eacd448\" data-element_type=\"widget\" data-settings=\"{&quot;ekit_we_effect_on&quot;:&quot;none&quot;}\" data-widget_type=\"heading.default\">\n\t\t\t\t<div class=\"elementor-widget-container\">\n\t\t\t<h2 class=\"elementor-heading-title elementor-size-default\">Engineering Design\/ FEED<\/h2>\t\t<\/div>\n\t\t\t\t<\/div>\n\t\t\t\t<div class=\"elementor-element elementor-element-f83c013 elementor-widget elementor-widget-heading\" data-id=\"f83c013\" data-element_type=\"widget\" data-settings=\"{&quot;ekit_we_effect_on&quot;:&quot;none&quot;}\" data-widget_type=\"heading.default\">\n\t\t\t\t<div class=\"elementor-widget-container\">\n\t\t\t<h3 class=\"elementor-heading-title elementor-size-default\"><a href=\"https:\/\/ceco.com.vn\/en\/dich-vu\/tu-van-thiet-ke\/\">The quality and effectiveness of an industrial project depend heavily on the design phase.<\/a><\/h3>\t\t<\/div>\n\t\t\t\t<\/div>\n\t\t\t\t<\/div>\n\t\t<div data-dce-background-image-url=\"https:\/\/ceco.com.vn\/wp-content\/uploads\/2023\/01\/Component-2.png\" class=\"elementor-element elementor-element-cd4f75b e-con-full e-con\" data-id=\"cd4f75b\" data-element_type=\"container\" data-settings=\"{&quot;content_width&quot;:&quot;full&quot;,&quot;background_background&quot;:&quot;classic&quot;}\">\n\t\t\t\t<div class=\"elementor-element elementor-element-fdee519 elementor-widget elementor-widget-heading\" data-id=\"fdee519\" data-element_type=\"widget\" data-settings=\"{&quot;ekit_we_effect_on&quot;:&quot;none&quot;}\" data-widget_type=\"heading.default\">\n\t\t\t\t<div class=\"elementor-widget-container\">\n\t\t\t<h2 class=\"elementor-heading-title elementor-size-default\">Project management consultancy (PMC)<\/br>\nContruction supervision consultancy (CM)<\/h2>\t\t<\/div>\n\t\t\t\t<\/div>\n\t\t\t\t<div class=\"elementor-element elementor-element-56d860c elementor-widget elementor-widget-heading\" data-id=\"56d860c\" data-element_type=\"widget\" data-settings=\"{&quot;ekit_we_effect_on&quot;:&quot;none&quot;}\" data-widget_type=\"heading.default\">\n\t\t\t\t<div class=\"elementor-widget-container\">\n\t\t\t<h3 class=\"elementor-heading-title elementor-size-default\"><a href=\"\/en\/dich-vu\/tu-van-giam-sat\/\">Project Management Consultant (PMC) plays an important role in all enterprise projects and greatly affects the success of a project.<\/a><\/h3>\t\t<\/div>\n\t\t\t\t<\/div>\n\t\t\t\t<\/div>\n\t\t<div data-dce-background-image-url=\"https:\/\/ceco.com.vn\/wp-content\/uploads\/2023\/01\/Component-2.png\" class=\"elementor-element elementor-element-286f3f0 e-con-full e-con\" data-id=\"286f3f0\" data-element_type=\"container\" data-settings=\"{&quot;content_width&quot;:&quot;full&quot;,&quot;background_background&quot;:&quot;classic&quot;}\">\n\t\t\t\t<div class=\"elementor-element elementor-element-120fa6d elementor-widget elementor-widget-heading\" data-id=\"120fa6d\" data-element_type=\"widget\" data-settings=\"{&quot;ekit_we_effect_on&quot;:&quot;none&quot;}\" data-widget_type=\"heading.default\">\n\t\t\t\t<div class=\"elementor-widget-container\">\n\t\t\t<h2 class=\"elementor-heading-title elementor-size-default\">EPC\/<\/br>\nTurnkey,<br>\nother services<\/h2>\t\t<\/div>\n\t\t\t\t<\/div>\n\t\t\t\t<div class=\"elementor-element elementor-element-8990176 elementor-widget elementor-widget-heading\" data-id=\"8990176\" data-element_type=\"widget\" data-settings=\"{&quot;ekit_we_effect_on&quot;:&quot;none&quot;}\" data-widget_type=\"heading.default\">\n\t\t\t\t<div class=\"elementor-widget-container\">\n\t\t\t<h3 class=\"elementor-heading-title elementor-size-default\"><a href=\"https:\/\/ceco.com.vn\/en\/dich-vu\/epc\/\">To execute EPC contracts, CECO has built a system of machinery and processes that are appropriate for domestic and international regulations.<\/a><\/h3>\t\t<\/div>\n\t\t\t\t<\/div>\n\t\t\t\t<\/div>\n\t\t<div data-dce-background-image-url=\"https:\/\/ceco.com.vn\/wp-content\/uploads\/2023\/01\/Component-2.png\" class=\"elementor-element elementor-element-4208bfb e-con-full e-con\" data-id=\"4208bfb\" data-element_type=\"container\" data-settings=\"{&quot;content_width&quot;:&quot;full&quot;,&quot;background_background&quot;:&quot;classic&quot;}\">\n\t\t\t\t<div class=\"elementor-element elementor-element-87bd089 elementor-widget elementor-widget-heading\" data-id=\"87bd089\" data-element_type=\"widget\" data-settings=\"{&quot;ekit_we_effect_on&quot;:&quot;none&quot;}\" data-widget_type=\"heading.default\">\n\t\t\t\t<div class=\"elementor-widget-container\">\n\t\t\t<h2 class=\"elementor-heading-title elementor-size-default\">Real Estate<\/h2>\t\t<\/div>\n\t\t\t\t<\/div>\n\t\t\t\t<div class=\"elementor-element elementor-element-903786a elementor-widget elementor-widget-heading\" data-id=\"903786a\" data-element_type=\"widget\" data-settings=\"{&quot;ekit_we_effect_on&quot;:&quot;none&quot;}\" data-widget_type=\"heading.default\">\n\t\t\t\t<div class=\"elementor-widget-container\">\n\t\t\t<h3 class=\"elementor-heading-title elementor-size-default\"><a href=\"https:\/\/ceco.com.vn\/en\/dich-vu\/bat-dong-san\/\">For rent: land, warehouses, factories. For rent: office space, residential houses. For rent: shops, commercial stalls<\/a><\/h3>\t\t<\/div>\n\t\t\t\t<\/div>\n\t\t\t\t<\/div>\n\t\t\t\t\t<\/div>\n\t\t\t\t<\/div>\n\t\t<div class=\"elementor-element elementor-element-a10f160 e-con-boxed elementor-invisible e-con\" data-id=\"a10f160\" data-element_type=\"container\" data-settings=\"{&quot;animation&quot;:&quot;fadeInUp&quot;,&quot;content_width&quot;:&quot;boxed&quot;}\">\n\t\t\t\t\t<div class=\"e-con-inner\">\n\t\t\t\t<div class=\"elementor-element elementor-element-40f0867 elementor-widget__width-inherit elementor-widget elementor-widget-heading\" data-id=\"40f0867\" data-element_type=\"widget\" data-settings=\"{&quot;ekit_we_effect_on&quot;:&quot;none&quot;}\" data-widget_type=\"heading.default\">\n\t\t\t\t<div class=\"elementor-widget-container\">\n\t\t\t<h2 class=\"elementor-heading-title elementor-size-default\">PROJECTS<\/h2>\t\t<\/div>\n\t\t\t\t<\/div>\n\t\t\t\t\t<\/div>\n\t\t\t\t<\/div>\n\t\t<div class=\"elementor-element elementor-element-c305d85 e-con-boxed elementor-invisible e-con\" data-id=\"c305d85\" data-element_type=\"container\" data-settings=\"{&quot;animation&quot;:&quot;zoomInUp&quot;,&quot;content_width&quot;:&quot;boxed&quot;}\">\n\t\t\t\t\t<div class=\"e-con-inner\">\n\t\t\t\t<div class=\"elementor-element elementor-element-201a19d elementor-posts--thumbnail-top elementor-grid-3 elementor-grid-tablet-2 elementor-grid-mobile-1 elementor-widget elementor-widget-posts\" data-id=\"201a19d\" data-element_type=\"widget\" data-settings=\"{&quot;custom_columns&quot;:&quot;3&quot;,&quot;custom_columns_tablet&quot;:&quot;2&quot;,&quot;custom_columns_mobile&quot;:&quot;1&quot;,&quot;custom_row_gap&quot;:{&quot;unit&quot;:&quot;px&quot;,&quot;size&quot;:35,&quot;sizes&quot;:[]},&quot;custom_row_gap_tablet&quot;:{&quot;unit&quot;:&quot;px&quot;,&quot;size&quot;:&quot;&quot;,&quot;sizes&quot;:[]},&quot;custom_row_gap_mobile&quot;:{&quot;unit&quot;:&quot;px&quot;,&quot;size&quot;:&quot;&quot;,&quot;sizes&quot;:[]},&quot;ekit_we_effect_on&quot;:&quot;none&quot;}\" data-widget_type=\"posts.custom\">\n\t\t\t\t<div class=\"elementor-widget-container\">\n\t\t\t<link rel=\"stylesheet\" href=\"https:\/\/ceco.com.vn\/wp-content\/plugins\/elementor-pro\/assets\/css\/widget-posts.min.css\">      <div class=\"ecs-posts elementor-posts-container elementor-posts   elementor-grid elementor-posts--skin-custom\" data-settings=\"{&quot;current_page&quot;:1,&quot;max_num_pages&quot;:1,&quot;load_method&quot;:&quot;&quot;,&quot;widget_id&quot;:&quot;201a19d&quot;,&quot;post_id&quot;:947,&quot;theme_id&quot;:947,&quot;change_url&quot;:false,&quot;reinit_js&quot;:false}\">\n      \t\t<article id=\"post-2463\" class=\"elementor-post elementor-grid-item ecs-post-loop post-2463 du_an type-du_an status-publish has-post-thumbnail hentry category-bat-dong-san category-cac-dich-vu-moi-truong category-cao-su-va-cac-san-pham-khac category-tu-van-thiet-ke\">\n\t\t\t\t<div data-elementor-type=\"loop\" data-elementor-id=\"967\" class=\"elementor elementor-967 post-2463 du_an type-du_an status-publish has-post-thumbnail hentry category-bat-dong-san category-cac-dich-vu-moi-truong category-cao-su-va-cac-san-pham-khac category-tu-van-thiet-ke\">\n\t\t\t\t\t\t<div class=\"elementor-element elementor-element-4469157 e-con-boxed e-con\" data-id=\"4469157\" data-element_type=\"container\" data-settings=\"{&quot;content_width&quot;:&quot;boxed&quot;}\">\n\t\t\t\t\t<div class=\"e-con-inner\">\n\t\t\t\t<div class=\"elementor-element elementor-element-9674ee9 dce_masking-none elementor-widget elementor-widget-image\" data-id=\"9674ee9\" data-element_type=\"widget\" data-settings=\"{&quot;ekit_we_effect_on&quot;:&quot;none&quot;}\" data-widget_type=\"image.default\">\n\t\t\t\t<div class=\"elementor-widget-container\">\n\t\t\t<style>\/*! elementor - v3.9.2 - 21-12-2022 *\/\n.elementor-widget-image{text-align:center}.elementor-widget-image a{display:inline-block}.elementor-widget-image a img[src$=\".svg\"]{width:48px}.elementor-widget-image img{vertical-align:middle;display:inline-block}<\/style>\t\t\t\t\t\t\t\t\t\t\t\t\t<a href=\"https:\/\/ceco.com.vn\/en\/du-an\/cai-tao-xuong-lap-rap-bong-den-led-va-xay-dung-kho-tam\/\">\n\t\t\t\t\t\t\t<img loading=\"lazy\" decoding=\"async\" width=\"1200\" height=\"600\" src=\"https:\/\/ceco.com.vn\/wp-content\/uploads\/2023\/02\/Cai-tao-xuong-lap-rap-bong-den-LED-va-Xay-dung-kho-tam.jpg\" class=\"attachment-full size-full wp-image-8469\" alt=\"\" srcset=\"https:\/\/ceco.com.vn\/wp-content\/uploads\/2023\/02\/Cai-tao-xuong-lap-rap-bong-den-LED-va-Xay-dung-kho-tam.jpg 1200w, https:\/\/ceco.com.vn\/wp-content\/uploads\/2023\/02\/Cai-tao-xuong-lap-rap-bong-den-LED-va-Xay-dung-kho-tam-300x150.jpg 300w, https:\/\/ceco.com.vn\/wp-content\/uploads\/2023\/02\/Cai-tao-xuong-lap-rap-bong-den-LED-va-Xay-dung-kho-tam-768x384.jpg 768w, https:\/\/ceco.com.vn\/wp-content\/uploads\/2023\/02\/Cai-tao-xuong-lap-rap-bong-den-LED-va-Xay-dung-kho-tam-18x9.jpg 18w\" sizes=\"auto, (max-width: 1200px) 100vw, 1200px\" \/>\t\t\t\t\t\t\t\t<\/a>\n\t\t\t\t\t\t\t\t\t\t\t\t\t\t\t<\/div>\n\t\t\t\t<\/div>\n\t\t\t\t<div class=\"elementor-element elementor-element-109ba3a elementor-widget elementor-widget-heading\" data-id=\"109ba3a\" data-element_type=\"widget\" data-settings=\"{&quot;ekit_we_effect_on&quot;:&quot;none&quot;}\" data-widget_type=\"heading.default\">\n\t\t\t\t<div class=\"elementor-widget-container\">\n\t\t\t<h2 class=\"elementor-heading-title elementor-size-default\"><a href=\"https:\/\/ceco.com.vn\/en\/du-an\/cai-tao-xuong-lap-rap-bong-den-led-va-xay-dung-kho-tam\/\">Renovating the LED lamp assembly workshop and Building a temporary warehouse<\/a><\/h2>\t\t<\/div>\n\t\t\t\t<\/div>\n\t\t\t\t\t<\/div>\n\t\t\t\t<\/div>\n\t\t\t\t\t\t<\/div>\n\t\t\t\t<\/article>\n\t\t\t\t<\/div>\n\t\t\t\t<\/div>\n\t\t\t\t<\/div>\n\t\t\t\t\t<\/div>\n\t\t\t\t<\/div>\n\t\t\t\t\t\t\t<\/div>","protected":false},"excerpt":{"rendered":"<p>D\u1ecaCH V\u1ee4 M\u00d4I TR\u01af\u1edcNG Trong su\u1ed1t qu\u00e1 tr\u00ecnh h\u00ecnh th\u00e0nh v\u00e0 ph\u00e1t tri\u1ec3n CECO lu\u00f4n kh\u1eb3ng \u0111\u1ecbnh l\u00e0 m\u1ed9t \u0111\u01a1n v\u1ecb t\u01b0 v\u1ea5n chuy\u00ean ng\u00e0nh duy nh\u1ea5t trong l\u0129nh v\u1ef1c c\u00f4ng nghi\u1ec7p h\u00f3a ch\u1ea5t n\u00f3i ri\u00eang v\u00e0 c\u00f4ng nghi\u1ec7p n\u00f3i chung. C\u00e1c d\u1ef1 \u00e1n do CECO th\u1ef1c hi\u1ec7n \u0111\u1ec1u g\u1eafn v\u1edbi vi\u1ec7c ph\u1ea3i x\u1eed l\u00fd [&hellip;]<\/p>","protected":false},"author":1,"featured_media":3021,"parent":34,"menu_order":0,"comment_status":"closed","ping_status":"closed","template":"","meta":{"footnotes":""},"class_list":["post-947","page","type-page","status-publish","has-post-thumbnail","hentry"],"acf":[],"_links":{"self":[{"href":"https:\/\/ceco.com.vn\/en\/wp-json\/wp\/v2\/pages\/947","targetHints":{"allow":["GET"]}}],"collection":[{"href":"https:\/\/ceco.com.vn\/en\/wp-json\/wp\/v2\/pages"}],"about":[{"href":"https:\/\/ceco.com.vn\/en\/wp-json\/wp\/v2\/types\/page"}],"author":[{"embeddable":true,"href":"https:\/\/ceco.com.vn\/en\/wp-json\/wp\/v2\/users\/1"}],"replies":[{"embeddable":true,"href":"https:\/\/ceco.com.vn\/en\/wp-json\/wp\/v2\/comments?post=947"}],"version-history":[{"count":22,"href":"https:\/\/ceco.com.vn\/en\/wp-json\/wp\/v2\/pages\/947\/revisions"}],"predecessor-version":[{"id":7724,"href":"https:\/\/ceco.com.vn\/en\/wp-json\/wp\/v2\/pages\/947\/revisions\/7724"}],"up":[{"embeddable":true,"href":"https:\/\/ceco.com.vn\/en\/wp-json\/wp\/v2\/pages\/34"}],"wp:featuredmedia":[{"embeddable":true,"href":"https:\/\/ceco.com.vn\/en\/wp-json\/wp\/v2\/media\/3021"}],"wp:attachment":[{"href":"https:\/\/ceco.com.vn\/en\/wp-json\/wp\/v2\/media?parent=947"}],"curies":[{"name":"wp","href":"https:\/\/api.w.org\/{rel}","templated":true}]}}