{"id":5085,"date":"2023-03-06T16:47:33","date_gmt":"2023-03-06T09:47:33","guid":{"rendered":"https:\/\/ceco.vn\/?page_id=5085"},"modified":"2023-05-10T10:22:15","modified_gmt":"2023-05-10T03:22:15","slug":"bat-dong-san","status":"publish","type":"page","link":"https:\/\/ceco.com.vn\/en\/dich-vu\/bat-dong-san\/","title":{"rendered":"Real Estate"},"content":{"rendered":"<div data-elementor-type=\"wp-page\" data-elementor-id=\"5085\" class=\"elementor elementor-5085\">\n\t\t\t\t\t\t\t<div data-dce-background-image-url=\"https:\/\/ceco.com.vn\/wp-content\/uploads\/2023\/01\/bg-ab.jpg\" class=\"elementor-element elementor-element-cc745f0 e-con-boxed e-con\" data-id=\"cc745f0\" data-element_type=\"container\" data-settings=\"{&quot;background_background&quot;:&quot;classic&quot;,&quot;content_width&quot;:&quot;boxed&quot;}\">\n\t\t\t\t\t<div class=\"e-con-inner\">\n\t\t\t\t<div class=\"elementor-element elementor-element-39a0467 elementor-absolute elementor-widget elementor-widget-heading\" data-id=\"39a0467\" data-element_type=\"widget\" data-settings=\"{&quot;_position&quot;:&quot;absolute&quot;,&quot;ekit_we_effect_on&quot;:&quot;none&quot;}\" data-widget_type=\"heading.default\">\n\t\t\t\t<div class=\"elementor-widget-container\">\n\t\t\t<style>\/*! elementor - v3.9.2 - 21-12-2022 *\/\n.elementor-heading-title{padding:0;margin:0;line-height:1}.elementor-widget-heading .elementor-heading-title[class*=elementor-size-]>a{color:inherit;font-size:inherit;line-height:inherit}.elementor-widget-heading .elementor-heading-title.elementor-size-small{font-size:15px}.elementor-widget-heading .elementor-heading-title.elementor-size-medium{font-size:19px}.elementor-widget-heading .elementor-heading-title.elementor-size-large{font-size:29px}.elementor-widget-heading .elementor-heading-title.elementor-size-xl{font-size:39px}.elementor-widget-heading .elementor-heading-title.elementor-size-xxl{font-size:59px}<\/style><h2 class=\"elementor-heading-title elementor-size-default\">Real Estate<\/h2>\t\t<\/div>\n\t\t\t\t<\/div>\n\t\t\t\t\t<\/div>\n\t\t\t\t<\/div>\n\t\t<div class=\"elementor-element elementor-element-f4c5639 e-con-boxed e-con\" data-id=\"f4c5639\" data-element_type=\"container\" data-settings=\"{&quot;content_width&quot;:&quot;boxed&quot;}\">\n\t\t\t\t\t<div class=\"e-con-inner\">\n\t\t\t\t<div class=\"elementor-element elementor-element-35b4938 elementor-widget__width-inherit elementor-widget elementor-widget-heading\" data-id=\"35b4938\" data-element_type=\"widget\" data-settings=\"{&quot;ekit_we_effect_on&quot;:&quot;none&quot;}\" data-widget_type=\"heading.default\">\n\t\t\t\t<div class=\"elementor-widget-container\">\n\t\t\t<h2 class=\"elementor-heading-title elementor-size-default\">REAL ESTATE<\/h2>\t\t<\/div>\n\t\t\t\t<\/div>\n\t\t\t\t<div class=\"elementor-element elementor-element-a7a45ac elementor-widget__width-inherit elementor-widget elementor-widget-text-editor\" data-id=\"a7a45ac\" data-element_type=\"widget\" data-settings=\"{&quot;ekit_we_effect_on&quot;:&quot;none&quot;}\" data-widget_type=\"text-editor.default\">\n\t\t\t\t<div class=\"elementor-widget-container\">\n\t\t\t<style>\/*! elementor - v3.9.2 - 21-12-2022 *\/\n.elementor-widget-text-editor.elementor-drop-cap-view-stacked .elementor-drop-cap{background-color:#818a91;color:#fff}.elementor-widget-text-editor.elementor-drop-cap-view-framed .elementor-drop-cap{color:#818a91;border:3px solid;background-color:transparent}.elementor-widget-text-editor:not(.elementor-drop-cap-view-default) .elementor-drop-cap{margin-top:8px}.elementor-widget-text-editor:not(.elementor-drop-cap-view-default) .elementor-drop-cap-letter{width:1em;height:1em}.elementor-widget-text-editor .elementor-drop-cap{float:left;text-align:center;line-height:1;font-size:50px}.elementor-widget-text-editor .elementor-drop-cap-letter{display:inline-block}<\/style>\t\t\t\t<p>- Renting space, warehouses, factories<\/p><p>- Renting office space, residential houses<\/p><p>- Renting shops, commercial stalls<\/p><p>* The leased areas are under the ownership of the company in locations such as Hanoi, Ho Chi Minh City, Dong Nai.<\/p><p>&#8211; Chi ti\u1ebft t\u1eebng lo\u1ea1i h\u00ecnh, di\u1ec7n t\u00edch cho thu\u00ea li\u00ean h\u1ec7: Mr Nguy\u1ec5n Tr\u01b0\u1eddng Giang \u2013 S\u0110T: 0904 021 968\u200b<\/p>\t\t\t\t\t\t<\/div>\n\t\t\t\t<\/div>\n\t\t\t\t\t<\/div>\n\t\t\t\t<\/div>\n\t\t<div class=\"elementor-element elementor-element-4f32458 e-con-boxed e-con\" data-id=\"4f32458\" data-element_type=\"container\" data-settings=\"{&quot;animation&quot;:&quot;none&quot;,&quot;content_width&quot;:&quot;boxed&quot;}\">\n\t\t\t\t\t<div class=\"e-con-inner\">\n\t\t\t\t<div class=\"elementor-element elementor-element-c0dbc18 elementor-widget__width-inherit elementor-widget elementor-widget-heading\" data-id=\"c0dbc18\" data-element_type=\"widget\" data-settings=\"{&quot;ekit_we_effect_on&quot;:&quot;none&quot;}\" data-widget_type=\"heading.default\">\n\t\t\t\t<div class=\"elementor-widget-container\">\n\t\t\t<h2 class=\"elementor-heading-title elementor-size-default\">SERVICES<\/h2>\t\t<\/div>\n\t\t\t\t<\/div>\n\t\t<div data-dce-background-image-url=\"https:\/\/ceco.com.vn\/wp-content\/uploads\/2023\/01\/Component-2.png\" class=\"elementor-element elementor-element-f21ae8f e-con-full e-con\" data-id=\"f21ae8f\" data-element_type=\"container\" data-settings=\"{&quot;content_width&quot;:&quot;full&quot;,&quot;background_background&quot;:&quot;classic&quot;}\">\n\t\t\t\t<div class=\"elementor-element elementor-element-ed6be3b elementor-widget elementor-widget-heading\" data-id=\"ed6be3b\" data-element_type=\"widget\" data-settings=\"{&quot;ekit_we_effect_on&quot;:&quot;none&quot;}\" data-widget_type=\"heading.default\">\n\t\t\t\t<div class=\"elementor-widget-container\">\n\t\t\t<h2 class=\"elementor-heading-title elementor-size-default\">Investment Consultancy<\/h2>\t\t<\/div>\n\t\t\t\t<\/div>\n\t\t\t\t<div class=\"elementor-element elementor-element-fc9971c elementor-widget elementor-widget-heading\" data-id=\"fc9971c\" data-element_type=\"widget\" data-settings=\"{&quot;ekit_we_effect_on&quot;:&quot;none&quot;}\" data-widget_type=\"heading.default\">\n\t\t\t\t<div class=\"elementor-widget-container\">\n\t\t\t<h3 class=\"elementor-heading-title elementor-size-default\"><a href=\"https:\/\/ceco.com.vn\/en\/dich-vu\/tu-van-dau-tu\/\">This is an important initial stage in project development to optimize investment costs and business strategies.<\/a><\/h3>\t\t<\/div>\n\t\t\t\t<\/div>\n\t\t\t\t<\/div>\n\t\t<div data-dce-background-image-url=\"https:\/\/ceco.com.vn\/wp-content\/uploads\/2023\/01\/Component-2.png\" class=\"elementor-element elementor-element-c374bda e-con-full e-con\" data-id=\"c374bda\" data-element_type=\"container\" data-settings=\"{&quot;content_width&quot;:&quot;full&quot;,&quot;background_background&quot;:&quot;classic&quot;}\">\n\t\t\t\t<div class=\"elementor-element elementor-element-a76eff3 elementor-widget elementor-widget-heading\" data-id=\"a76eff3\" data-element_type=\"widget\" data-settings=\"{&quot;ekit_we_effect_on&quot;:&quot;none&quot;}\" data-widget_type=\"heading.default\">\n\t\t\t\t<div class=\"elementor-widget-container\">\n\t\t\t<h2 class=\"elementor-heading-title elementor-size-default\">Environmental Impact<br>\nAssessment (EIA)<\/h2>\t\t<\/div>\n\t\t\t\t<\/div>\n\t\t\t\t<div class=\"elementor-element elementor-element-1546c8e elementor-widget elementor-widget-heading\" data-id=\"1546c8e\" data-element_type=\"widget\" data-settings=\"{&quot;ekit_we_effect_on&quot;:&quot;none&quot;}\" data-widget_type=\"heading.default\">\n\t\t\t\t<div class=\"elementor-widget-container\">\n\t\t\t<h3 class=\"elementor-heading-title elementor-size-default\"><a href=\"https:\/\/ceco.com.vn\/en\/dich-vu\/cac-dich-vu-moi-truong\/\">CECO is a member of the \"Voluntary Social Responsibility Council of Chemical Enterprises - VRRC\" with the message \"Commitment to Sustainable Development.\"<\/a><\/h3>\t\t<\/div>\n\t\t\t\t<\/div>\n\t\t\t\t<\/div>\n\t\t<div data-dce-background-image-url=\"https:\/\/ceco.com.vn\/wp-content\/uploads\/2023\/01\/Component-2.png\" class=\"elementor-element elementor-element-658f13a e-con-full e-con\" data-id=\"658f13a\" data-element_type=\"container\" data-settings=\"{&quot;content_width&quot;:&quot;full&quot;,&quot;background_background&quot;:&quot;classic&quot;}\">\n\t\t\t\t<div class=\"elementor-element elementor-element-4156c86 elementor-widget elementor-widget-heading\" data-id=\"4156c86\" data-element_type=\"widget\" data-settings=\"{&quot;ekit_we_effect_on&quot;:&quot;none&quot;}\" data-widget_type=\"heading.default\">\n\t\t\t\t<div class=\"elementor-widget-container\">\n\t\t\t<h2 class=\"elementor-heading-title elementor-size-default\">Engineering Design\/ FEED<\/h2>\t\t<\/div>\n\t\t\t\t<\/div>\n\t\t\t\t<div class=\"elementor-element elementor-element-7dd46ab elementor-widget elementor-widget-heading\" data-id=\"7dd46ab\" data-element_type=\"widget\" data-settings=\"{&quot;ekit_we_effect_on&quot;:&quot;none&quot;}\" data-widget_type=\"heading.default\">\n\t\t\t\t<div class=\"elementor-widget-container\">\n\t\t\t<h3 class=\"elementor-heading-title elementor-size-default\"><a href=\"https:\/\/ceco.com.vn\/en\/dich-vu\/tu-van-thiet-ke\/\">The quality and effectiveness of an industrial project depend heavily on the design phase.<\/a><\/h3>\t\t<\/div>\n\t\t\t\t<\/div>\n\t\t\t\t<\/div>\n\t\t<div data-dce-background-image-url=\"https:\/\/ceco.com.vn\/wp-content\/uploads\/2023\/01\/Component-2.png\" class=\"elementor-element elementor-element-192d1a4 e-con-full e-con\" data-id=\"192d1a4\" data-element_type=\"container\" data-settings=\"{&quot;content_width&quot;:&quot;full&quot;,&quot;background_background&quot;:&quot;classic&quot;}\">\n\t\t\t\t<div class=\"elementor-element elementor-element-171fc4e elementor-widget elementor-widget-heading\" data-id=\"171fc4e\" data-element_type=\"widget\" data-settings=\"{&quot;ekit_we_effect_on&quot;:&quot;none&quot;}\" data-widget_type=\"heading.default\">\n\t\t\t\t<div class=\"elementor-widget-container\">\n\t\t\t<h2 class=\"elementor-heading-title elementor-size-default\">Project management consultancy (PMC)<\/br>\nContruction supervision consultancy (CM)<\/h2>\t\t<\/div>\n\t\t\t\t<\/div>\n\t\t\t\t<div class=\"elementor-element elementor-element-cf66ad8 elementor-widget elementor-widget-heading\" data-id=\"cf66ad8\" data-element_type=\"widget\" data-settings=\"{&quot;ekit_we_effect_on&quot;:&quot;none&quot;}\" data-widget_type=\"heading.default\">\n\t\t\t\t<div class=\"elementor-widget-container\">\n\t\t\t<h3 class=\"elementor-heading-title elementor-size-default\"><a href=\"\/en\/dich-vu\/tu-van-giam-sat\/\">Project Management Consultant (PMC) plays an important role in all enterprise projects and greatly affects the success of a project.<\/a><\/h3>\t\t<\/div>\n\t\t\t\t<\/div>\n\t\t\t\t<\/div>\n\t\t<div data-dce-background-image-url=\"https:\/\/ceco.com.vn\/wp-content\/uploads\/2023\/01\/Component-2.png\" class=\"elementor-element elementor-element-d9eaf80 e-con-full e-con\" data-id=\"d9eaf80\" data-element_type=\"container\" data-settings=\"{&quot;content_width&quot;:&quot;full&quot;,&quot;background_background&quot;:&quot;classic&quot;}\">\n\t\t\t\t<div class=\"elementor-element elementor-element-78cdb4d elementor-widget elementor-widget-heading\" data-id=\"78cdb4d\" data-element_type=\"widget\" data-settings=\"{&quot;ekit_we_effect_on&quot;:&quot;none&quot;}\" data-widget_type=\"heading.default\">\n\t\t\t\t<div class=\"elementor-widget-container\">\n\t\t\t<h2 class=\"elementor-heading-title elementor-size-default\">EPC\/<\/br>\nTurnkey,<br>\nother services<\/h2>\t\t<\/div>\n\t\t\t\t<\/div>\n\t\t\t\t<div class=\"elementor-element elementor-element-24eee90 elementor-widget elementor-widget-heading\" data-id=\"24eee90\" data-element_type=\"widget\" data-settings=\"{&quot;ekit_we_effect_on&quot;:&quot;none&quot;}\" data-widget_type=\"heading.default\">\n\t\t\t\t<div class=\"elementor-widget-container\">\n\t\t\t<h3 class=\"elementor-heading-title elementor-size-default\"><a href=\"https:\/\/ceco.com.vn\/en\/dich-vu\/epc\/\">To execute EPC contracts, CECO has built a system of machinery and processes that are appropriate for domestic and international regulations.<\/a><\/h3>\t\t<\/div>\n\t\t\t\t<\/div>\n\t\t\t\t<\/div>\n\t\t<div data-dce-background-image-url=\"https:\/\/ceco.com.vn\/wp-content\/uploads\/2023\/01\/Component-2.png\" class=\"elementor-element elementor-element-6376c27 e-con-full e-con\" data-id=\"6376c27\" data-element_type=\"container\" data-settings=\"{&quot;content_width&quot;:&quot;full&quot;,&quot;background_background&quot;:&quot;classic&quot;}\">\n\t\t\t\t<div class=\"elementor-element elementor-element-78f6fc7 elementor-widget elementor-widget-heading\" data-id=\"78f6fc7\" data-element_type=\"widget\" data-settings=\"{&quot;ekit_we_effect_on&quot;:&quot;none&quot;}\" data-widget_type=\"heading.default\">\n\t\t\t\t<div class=\"elementor-widget-container\">\n\t\t\t<h2 class=\"elementor-heading-title elementor-size-default\">Real Estate<\/h2>\t\t<\/div>\n\t\t\t\t<\/div>\n\t\t\t\t<div class=\"elementor-element elementor-element-4e1d1ea elementor-widget elementor-widget-heading\" data-id=\"4e1d1ea\" data-element_type=\"widget\" data-settings=\"{&quot;ekit_we_effect_on&quot;:&quot;none&quot;}\" data-widget_type=\"heading.default\">\n\t\t\t\t<div class=\"elementor-widget-container\">\n\t\t\t<h3 class=\"elementor-heading-title elementor-size-default\"><a href=\"https:\/\/ceco.com.vn\/en\/dich-vu\/bat-dong-san\/\">For rent: land, warehouses, factories. For rent: office space, residential houses. For rent: shops, commercial stalls<\/a><\/h3>\t\t<\/div>\n\t\t\t\t<\/div>\n\t\t\t\t<\/div>\n\t\t\t\t\t<\/div>\n\t\t\t\t<\/div>\n\t\t<div class=\"elementor-element elementor-element-84f971a e-con-boxed elementor-invisible e-con\" data-id=\"84f971a\" data-element_type=\"container\" data-settings=\"{&quot;animation&quot;:&quot;fadeInUp&quot;,&quot;content_width&quot;:&quot;boxed&quot;}\">\n\t\t\t\t\t<div class=\"e-con-inner\">\n\t\t\t\t<div class=\"elementor-element elementor-element-e3287a3 elementor-widget__width-inherit elementor-widget elementor-widget-heading\" data-id=\"e3287a3\" data-element_type=\"widget\" data-settings=\"{&quot;ekit_we_effect_on&quot;:&quot;none&quot;}\" data-widget_type=\"heading.default\">\n\t\t\t\t<div class=\"elementor-widget-container\">\n\t\t\t<h2 class=\"elementor-heading-title elementor-size-default\">PROJECTS<\/h2>\t\t<\/div>\n\t\t\t\t<\/div>\n\t\t\t\t\t<\/div>\n\t\t\t\t<\/div>\n\t\t<div class=\"elementor-element elementor-element-eff5b5e e-con-boxed elementor-invisible e-con\" data-id=\"eff5b5e\" data-element_type=\"container\" data-settings=\"{&quot;animation&quot;:&quot;zoomInUp&quot;,&quot;content_width&quot;:&quot;boxed&quot;}\">\n\t\t\t\t\t<div class=\"e-con-inner\">\n\t\t\t\t<div class=\"elementor-element elementor-element-58d8bea elementor-posts--thumbnail-top elementor-grid-3 elementor-grid-tablet-2 elementor-grid-mobile-1 elementor-widget elementor-widget-posts\" data-id=\"58d8bea\" data-element_type=\"widget\" data-settings=\"{&quot;custom_columns&quot;:&quot;3&quot;,&quot;custom_columns_tablet&quot;:&quot;2&quot;,&quot;custom_columns_mobile&quot;:&quot;1&quot;,&quot;custom_row_gap&quot;:{&quot;unit&quot;:&quot;px&quot;,&quot;size&quot;:35,&quot;sizes&quot;:[]},&quot;custom_row_gap_tablet&quot;:{&quot;unit&quot;:&quot;px&quot;,&quot;size&quot;:&quot;&quot;,&quot;sizes&quot;:[]},&quot;custom_row_gap_mobile&quot;:{&quot;unit&quot;:&quot;px&quot;,&quot;size&quot;:&quot;&quot;,&quot;sizes&quot;:[]},&quot;ekit_we_effect_on&quot;:&quot;none&quot;}\" data-widget_type=\"posts.custom\">\n\t\t\t\t<div class=\"elementor-widget-container\">\n\t\t\t<link rel=\"stylesheet\" href=\"https:\/\/ceco.com.vn\/wp-content\/plugins\/elementor-pro\/assets\/css\/widget-posts.min.css\">      <div class=\"ecs-posts elementor-posts-container elementor-posts   elementor-grid elementor-posts--skin-custom\" data-settings=\"{&quot;current_page&quot;:1,&quot;max_num_pages&quot;:1,&quot;load_method&quot;:&quot;&quot;,&quot;widget_id&quot;:&quot;58d8bea&quot;,&quot;post_id&quot;:5085,&quot;theme_id&quot;:5085,&quot;change_url&quot;:false,&quot;reinit_js&quot;:false}\">\n      \t\t<article id=\"post-2463\" class=\"elementor-post elementor-grid-item ecs-post-loop post-2463 du_an type-du_an status-publish has-post-thumbnail hentry category-bat-dong-san category-cac-dich-vu-moi-truong category-cao-su-va-cac-san-pham-khac category-tu-van-thiet-ke\">\n\t\t\t\t<div data-elementor-type=\"loop\" data-elementor-id=\"967\" class=\"elementor elementor-967 post-2463 du_an type-du_an status-publish has-post-thumbnail hentry category-bat-dong-san category-cac-dich-vu-moi-truong category-cao-su-va-cac-san-pham-khac category-tu-van-thiet-ke\">\n\t\t\t\t\t\t<div class=\"elementor-element elementor-element-4469157 e-con-boxed e-con\" data-id=\"4469157\" data-element_type=\"container\" data-settings=\"{&quot;content_width&quot;:&quot;boxed&quot;}\">\n\t\t\t\t\t<div class=\"e-con-inner\">\n\t\t\t\t<div class=\"elementor-element elementor-element-9674ee9 dce_masking-none elementor-widget elementor-widget-image\" data-id=\"9674ee9\" data-element_type=\"widget\" data-settings=\"{&quot;ekit_we_effect_on&quot;:&quot;none&quot;}\" data-widget_type=\"image.default\">\n\t\t\t\t<div class=\"elementor-widget-container\">\n\t\t\t<style>\/*! elementor - v3.9.2 - 21-12-2022 *\/\n.elementor-widget-image{text-align:center}.elementor-widget-image a{display:inline-block}.elementor-widget-image a img[src$=\".svg\"]{width:48px}.elementor-widget-image img{vertical-align:middle;display:inline-block}<\/style>\t\t\t\t\t\t\t\t\t\t\t\t\t<a href=\"https:\/\/ceco.com.vn\/en\/du-an\/cai-tao-xuong-lap-rap-bong-den-led-va-xay-dung-kho-tam\/\">\n\t\t\t\t\t\t\t<img loading=\"lazy\" decoding=\"async\" width=\"1200\" height=\"600\" src=\"https:\/\/ceco.com.vn\/wp-content\/uploads\/2023\/02\/Cai-tao-xuong-lap-rap-bong-den-LED-va-Xay-dung-kho-tam.jpg\" class=\"attachment-full size-full wp-image-8469\" alt=\"\" srcset=\"https:\/\/ceco.com.vn\/wp-content\/uploads\/2023\/02\/Cai-tao-xuong-lap-rap-bong-den-LED-va-Xay-dung-kho-tam.jpg 1200w, https:\/\/ceco.com.vn\/wp-content\/uploads\/2023\/02\/Cai-tao-xuong-lap-rap-bong-den-LED-va-Xay-dung-kho-tam-300x150.jpg 300w, https:\/\/ceco.com.vn\/wp-content\/uploads\/2023\/02\/Cai-tao-xuong-lap-rap-bong-den-LED-va-Xay-dung-kho-tam-768x384.jpg 768w, https:\/\/ceco.com.vn\/wp-content\/uploads\/2023\/02\/Cai-tao-xuong-lap-rap-bong-den-LED-va-Xay-dung-kho-tam-18x9.jpg 18w\" sizes=\"auto, (max-width: 1200px) 100vw, 1200px\" \/>\t\t\t\t\t\t\t\t<\/a>\n\t\t\t\t\t\t\t\t\t\t\t\t\t\t\t<\/div>\n\t\t\t\t<\/div>\n\t\t\t\t<div class=\"elementor-element elementor-element-109ba3a elementor-widget elementor-widget-heading\" data-id=\"109ba3a\" data-element_type=\"widget\" data-settings=\"{&quot;ekit_we_effect_on&quot;:&quot;none&quot;}\" data-widget_type=\"heading.default\">\n\t\t\t\t<div class=\"elementor-widget-container\">\n\t\t\t<h2 class=\"elementor-heading-title elementor-size-default\"><a href=\"https:\/\/ceco.com.vn\/en\/du-an\/cai-tao-xuong-lap-rap-bong-den-led-va-xay-dung-kho-tam\/\">Renovating the LED lamp assembly workshop and Building a temporary warehouse<\/a><\/h2>\t\t<\/div>\n\t\t\t\t<\/div>\n\t\t\t\t\t<\/div>\n\t\t\t\t<\/div>\n\t\t\t\t\t\t<\/div>\n\t\t\t\t<\/article>\n\t\t\t\t<\/div>\n\t\t\t\t<\/div>\n\t\t\t\t<\/div>\n\t\t\t\t\t<\/div>\n\t\t\t\t<\/div>\n\t\t\t\t\t\t\t<\/div>","protected":false},"excerpt":{"rendered":"<p>B\u1ea4T \u0110\u1ed8NG S\u1ea2N &#8211; Cho thu\u00ea m\u1eb7t b\u1eb1ng, kho b\u00e3i, nh\u00e0 x\u01b0\u1edfng \u200b &#8211; Cho thu\u00ea v\u0103n ph\u00f2ng l\u00e0m vi\u1ec7c, nh\u00e0 \u1edf \u200b &#8211; Cho thu\u00ea c\u1eeda h\u00e0ng, kiot kinh doanh th\u01b0\u01a1ng m\u1ea1i \u200b *Di\u1ec7n t\u00edch cho thu\u00ea thu\u1ed9c quy\u1ec1n s\u1edf h\u1eefu c\u1ee7a doanh nghi\u1ec7p t\u1ea1i c\u00e1c \u0111\u1ecba \u0111i\u1ec3m: H\u00e0 N\u1ed9i, TP.H\u1ed3 Ch\u00ed Minh, \u0110\u1ed3ng [&hellip;]<\/p>","protected":false},"author":1,"featured_media":3021,"parent":34,"menu_order":0,"comment_status":"closed","ping_status":"closed","template":"","meta":{"footnotes":""},"class_list":["post-5085","page","type-page","status-publish","has-post-thumbnail","hentry"],"acf":[],"_links":{"self":[{"href":"https:\/\/ceco.com.vn\/en\/wp-json\/wp\/v2\/pages\/5085","targetHints":{"allow":["GET"]}}],"collection":[{"href":"https:\/\/ceco.com.vn\/en\/wp-json\/wp\/v2\/pages"}],"about":[{"href":"https:\/\/ceco.com.vn\/en\/wp-json\/wp\/v2\/types\/page"}],"author":[{"embeddable":true,"href":"https:\/\/ceco.com.vn\/en\/wp-json\/wp\/v2\/users\/1"}],"replies":[{"embeddable":true,"href":"https:\/\/ceco.com.vn\/en\/wp-json\/wp\/v2\/comments?post=5085"}],"version-history":[{"count":34,"href":"https:\/\/ceco.com.vn\/en\/wp-json\/wp\/v2\/pages\/5085\/revisions"}],"predecessor-version":[{"id":8066,"href":"https:\/\/ceco.com.vn\/en\/wp-json\/wp\/v2\/pages\/5085\/revisions\/8066"}],"up":[{"embeddable":true,"href":"https:\/\/ceco.com.vn\/en\/wp-json\/wp\/v2\/pages\/34"}],"wp:featuredmedia":[{"embeddable":true,"href":"https:\/\/ceco.com.vn\/en\/wp-json\/wp\/v2\/media\/3021"}],"wp:attachment":[{"href":"https:\/\/ceco.com.vn\/en\/wp-json\/wp\/v2\/media?parent=5085"}],"curies":[{"name":"wp","href":"https:\/\/api.w.org\/{rel}","templated":true}]}}